{"id":38,"date":"2025-07-09T11:11:42","date_gmt":"2025-07-09T09:11:42","guid":{"rendered":"https:\/\/chelogonzalez.es\/contact-us\/"},"modified":"2025-09-15T12:45:37","modified_gmt":"2025-09-15T10:45:37","slug":"contacto","status":"publish","type":"page","link":"https:\/\/chelogonzalez.es\/en\/contacto\/","title":{"rendered":"Contacto"},"content":{"rendered":"<div class=\"\">\n<img decoding=\"async\" data-src=\"https:\/\/chelogonzalez.es\/wp-content\/uploads\/2025\/07\/SobreCheloGonzalez-scaled-e1752169877536.jpg\" alt=\"Sobre Chelo Gonzalez\" width=\"500\" height=\"611\" class=\"alignright size-full wp-image-184 lazyload\" src=\"data:image\/svg+xml;base64,PHN2ZyB3aWR0aD0iMSIgaGVpZ2h0PSIxIiB4bWxucz0iaHR0cDovL3d3dy53My5vcmcvMjAwMC9zdmciPjwvc3ZnPg==\" style=\"--smush-placeholder-width: 500px; --smush-placeholder-aspect-ratio: 500\/611;\" \/><br \/>\nCu\u00e9ntame tu caso o cualquier duda que tengas. Tambi\u00e9n puedes contactarme por email en info@chelogonzalez.es o por tel\u00e9fono en el 618269935.<\/p>\n\n<div class=\"wpcf7 no-js\" id=\"wpcf7-f198-o1\" lang=\"es-ES\" dir=\"ltr\" data-wpcf7-id=\"198\">\n<div class=\"screen-reader-response\"><p role=\"status\" aria-live=\"polite\" aria-atomic=\"true\"><\/p> <ul><\/ul><\/div>\n<form action=\"\/en\/wp-json\/wp\/v2\/pages\/38#wpcf7-f198-o1\" method=\"post\" class=\"wpcf7-form init\" aria-label=\"Formulario de contacto\" novalidate=\"novalidate\" data-status=\"init\">\n<fieldset class=\"hidden-fields-container\"><input type=\"hidden\" name=\"_wpcf7\" value=\"198\" \/><input type=\"hidden\" name=\"_wpcf7_version\" value=\"6.1.5\" \/><input type=\"hidden\" name=\"_wpcf7_locale\" value=\"es_ES\" \/><input type=\"hidden\" name=\"_wpcf7_unit_tag\" value=\"wpcf7-f198-o1\" \/><input type=\"hidden\" name=\"_wpcf7_container_post\" value=\"0\" \/><input type=\"hidden\" name=\"_wpcf7_posted_data_hash\" value=\"\" \/><input type=\"hidden\" name=\"lang\" value=\"en\" \/>\n<\/fieldset>\n<p><label for=\"nombre\"> Nombre<br \/>\n<span class=\"wpcf7-form-control-wrap\" data-name=\"your-name\"><input size=\"40\" maxlength=\"400\" class=\"wpcf7-form-control wpcf7-text wpcf7-validates-as-required\" id=\"nombre\" autocomplete=\"name\" aria-required=\"true\" aria-invalid=\"false\" value=\"Nombre completo\" type=\"text\" name=\"your-name\" \/><\/span><br \/>\n<\/label>\n<\/p>\n<p><label for=\"email\"> Correo electr\u00f3nico<br \/>\n<span class=\"wpcf7-form-control-wrap\" data-name=\"your-email\"><input size=\"40\" maxlength=\"400\" class=\"wpcf7-form-control wpcf7-email wpcf7-validates-as-required wpcf7-text wpcf7-validates-as-email\" id=\"email\" autocomplete=\"email\" aria-required=\"true\" aria-invalid=\"false\" value=\"Correo electr\u00f3nico\" type=\"email\" name=\"your-email\" \/><\/span><br \/>\n<\/label>\n<\/p>\n<p><label for=\"mensaje\"> Mensaje<br \/>\n<span class=\"wpcf7-form-control-wrap\" data-name=\"your-message\"><textarea cols=\"40\" rows=\"10\" maxlength=\"2000\" class=\"wpcf7-form-control wpcf7-textarea wpcf7-validates-as-required\" id=\"mensaje\" aria-required=\"true\" aria-invalid=\"false\" name=\"your-message\">Mensaje<\/textarea><\/span><br \/>\n<\/label>\n<\/p>\n<p><label for=\"aceptacion\"><br \/>\n<span class=\"wpcf7-form-control-wrap\" data-name=\"acceptance-818\"><span class=\"wpcf7-form-control wpcf7-acceptance\"><span class=\"wpcf7-list-item\"><label><input type=\"checkbox\" name=\"acceptance-818\" value=\"1\" aria-invalid=\"false\" \/><span class=\"wpcf7-list-item-label\">He le\u00eddo y acepto la pol\u00edtica de privacidad<\/span><\/label><\/span><\/span><\/span> He le\u00eddo y acepto la <a href=\"\/aviso-legal\/\" target=\"_blank\" rel=\"noopener\">pol\u00edtica de privacidad<\/a><br \/>\n<\/label>\n<\/p>\n<p><input class=\"wpcf7-form-control wpcf7-submit has-spinner\" type=\"submit\" value=\"Solicitar Informaci\u00f3n\" \/>\n<\/p><div class=\"wpcf7-response-output\" aria-hidden=\"true\"><\/div>\n<\/form>\n<\/div>\n<\/div>\n","protected":false},"excerpt":{"rendered":"<p>Cu\u00e9ntame tu caso o cualquier duda que tengas. Tambi\u00e9n puedes contactarme por email en info@chelogonzalez.es o por tel\u00e9fono en el 618269935.<\/p>\n","protected":false},"author":1,"featured_media":0,"parent":0,"menu_order":0,"comment_status":"closed","ping_status":"closed","template":"","meta":{"footnotes":""},"class_list":["post-38","page","type-page","status-publish","hentry"],"yoast_head":"<!-- This site is optimized with the Yoast SEO plugin v27.1.1 - https:\/\/yoast.com\/product\/yoast-seo-wordpress\/ -->\n<title>Contacto<\/title>\n<meta name=\"description\" content=\"Contacto Fisioterapeuta del Suelo P\u00e9lvico. Chelo Gonz\u00e1lez. Tel\u00e9fono, email, formulario de contacto. Env\u00eda tu mensaje.\" \/>\n<meta name=\"robots\" content=\"noindex, follow\" \/>\n<meta property=\"og:locale\" content=\"en_US\" \/>\n<meta property=\"og:locale:alternate\" content=\"es_ES\" \/>\n<meta property=\"og:type\" content=\"article\" \/>\n<meta property=\"og:title\" content=\"Contacto\" \/>\n<meta property=\"og:description\" content=\"Contacto Fisioterapeuta del Suelo P\u00e9lvico. Chelo Gonz\u00e1lez. Tel\u00e9fono, email, formulario de contacto. Env\u00eda tu mensaje.\" \/>\n<meta property=\"og:url\" content=\"https:\/\/chelogonzalez.es\/en\/contacto\/\" \/>\n<meta property=\"og:site_name\" content=\"Chelo Gonz\u00e1lez\" \/>\n<meta property=\"article:modified_time\" content=\"2025-09-15T10:45:37+00:00\" \/>\n<meta property=\"og:image\" content=\"https:\/\/chelogonzalez.es\/wp-content\/uploads\/2025\/07\/SobreCheloGonzalez-scaled-e1752169877536.jpg\" \/>\n\t<meta property=\"og:image:width\" content=\"500\" \/>\n\t<meta property=\"og:image:height\" content=\"611\" \/>\n\t<meta property=\"og:image:type\" content=\"image\/jpeg\" \/>\n<meta name=\"twitter:card\" content=\"summary_large_image\" \/>\n<script type=\"application\/ld+json\" class=\"yoast-schema-graph\">{\"@context\":\"https:\/\/schema.org\",\"@graph\":[{\"@type\":\"WebPage\",\"@id\":\"https:\/\/chelogonzalez.es\/contacto\/\",\"url\":\"https:\/\/chelogonzalez.es\/contacto\/\",\"name\":\"Contacto\",\"isPartOf\":{\"@id\":\"https:\/\/chelogonzalez.es\/#website\"},\"primaryImageOfPage\":{\"@id\":\"https:\/\/chelogonzalez.es\/contacto\/#primaryimage\"},\"image\":{\"@id\":\"https:\/\/chelogonzalez.es\/contacto\/#primaryimage\"},\"thumbnailUrl\":\"https:\/\/chelogonzalez.es\/wp-content\/uploads\/2025\/07\/SobreCheloGonzalez-scaled-e1752169877536.jpg\",\"datePublished\":\"2025-07-09T09:11:42+00:00\",\"dateModified\":\"2025-09-15T10:45:37+00:00\",\"description\":\"Contacto Fisioterapeuta del Suelo P\u00e9lvico. Chelo Gonz\u00e1lez. Tel\u00e9fono, email, formulario de contacto. Env\u00eda tu mensaje.\",\"breadcrumb\":{\"@id\":\"https:\/\/chelogonzalez.es\/contacto\/#breadcrumb\"},\"inLanguage\":\"en-US\",\"potentialAction\":[{\"@type\":\"ReadAction\",\"target\":[\"https:\/\/chelogonzalez.es\/contacto\/\"]}]},{\"@type\":\"ImageObject\",\"inLanguage\":\"en-US\",\"@id\":\"https:\/\/chelogonzalez.es\/contacto\/#primaryimage\",\"url\":\"https:\/\/chelogonzalez.es\/wp-content\/uploads\/2025\/07\/SobreCheloGonzalez-scaled-e1752169877536.jpg\",\"contentUrl\":\"https:\/\/chelogonzalez.es\/wp-content\/uploads\/2025\/07\/SobreCheloGonzalez-scaled-e1752169877536.jpg\"},{\"@type\":\"BreadcrumbList\",\"@id\":\"https:\/\/chelogonzalez.es\/contacto\/#breadcrumb\",\"itemListElement\":[{\"@type\":\"ListItem\",\"position\":1,\"name\":\"Portada\",\"item\":\"https:\/\/chelogonzalez.es\/\"},{\"@type\":\"ListItem\",\"position\":2,\"name\":\"Contacto\"}]},{\"@type\":\"WebSite\",\"@id\":\"https:\/\/chelogonzalez.es\/#website\",\"url\":\"https:\/\/chelogonzalez.es\/\",\"name\":\"Chelo Gonz\u00e1lez\",\"description\":\"\",\"publisher\":{\"@id\":\"https:\/\/chelogonzalez.es\/#organization\"},\"potentialAction\":[{\"@type\":\"SearchAction\",\"target\":{\"@type\":\"EntryPoint\",\"urlTemplate\":\"https:\/\/chelogonzalez.es\/?s={search_term_string}\"},\"query-input\":{\"@type\":\"PropertyValueSpecification\",\"valueRequired\":true,\"valueName\":\"search_term_string\"}}],\"inLanguage\":\"en-US\"},{\"@type\":\"Organization\",\"@id\":\"https:\/\/chelogonzalez.es\/#organization\",\"name\":\"Chelo Gonz\u00e1lez\",\"url\":\"https:\/\/chelogonzalez.es\/\",\"logo\":{\"@type\":\"ImageObject\",\"inLanguage\":\"en-US\",\"@id\":\"https:\/\/chelogonzalez.es\/#\/schema\/logo\/image\/\",\"url\":\"https:\/\/chelogonzalez.es\/wp-content\/uploads\/2025\/07\/cropped-cropped-logo-suelo-pelvico-1.png\",\"contentUrl\":\"https:\/\/chelogonzalez.es\/wp-content\/uploads\/2025\/07\/cropped-cropped-logo-suelo-pelvico-1.png\",\"width\":76,\"height\":50,\"caption\":\"Chelo Gonz\u00e1lez\"},\"image\":{\"@id\":\"https:\/\/chelogonzalez.es\/#\/schema\/logo\/image\/\"}}]}<\/script>\n<!-- \/ Yoast SEO plugin. -->","yoast_head_json":{"title":"Contacto","description":"Contacto Fisioterapeuta del Suelo P\u00e9lvico. Chelo Gonz\u00e1lez. Tel\u00e9fono, email, formulario de contacto. Env\u00eda tu mensaje.","robots":{"index":"noindex","follow":"follow"},"og_locale":"en_US","og_type":"article","og_title":"[:es]Contacto[:] - Chelo Gonz\u00e1lez","og_description":"[:es]Contacto Fisioterapeuta del Suelo P\u00e9lvico. Chelo Gonz\u00e1lez. Tel\u00e9fono, email, formulario de contacto. Env\u00eda tu mensaje.[:]","og_url":"https:\/\/chelogonzalez.es\/en\/contacto\/","og_site_name":"Chelo Gonz\u00e1lez","article_modified_time":"2025-09-15T10:45:37+00:00","og_image":[{"width":500,"height":611,"url":"https:\/\/chelogonzalez.es\/wp-content\/uploads\/2025\/07\/SobreCheloGonzalez-scaled-e1752169877536.jpg","type":"image\/jpeg"}],"twitter_card":"summary_large_image","schema":{"@context":"https:\/\/schema.org","@graph":[{"@type":"WebPage","@id":"https:\/\/chelogonzalez.es\/contacto\/","url":"https:\/\/chelogonzalez.es\/contacto\/","name":"Contacto","isPartOf":{"@id":"https:\/\/chelogonzalez.es\/#website"},"primaryImageOfPage":{"@id":"https:\/\/chelogonzalez.es\/contacto\/#primaryimage"},"image":{"@id":"https:\/\/chelogonzalez.es\/contacto\/#primaryimage"},"thumbnailUrl":"https:\/\/chelogonzalez.es\/wp-content\/uploads\/2025\/07\/SobreCheloGonzalez-scaled-e1752169877536.jpg","datePublished":"2025-07-09T09:11:42+00:00","dateModified":"2025-09-15T10:45:37+00:00","description":"Contacto Fisioterapeuta del Suelo P\u00e9lvico. Chelo Gonz\u00e1lez. Tel\u00e9fono, email, formulario de contacto. Env\u00eda tu mensaje.","breadcrumb":{"@id":"https:\/\/chelogonzalez.es\/contacto\/#breadcrumb"},"inLanguage":"en-US","potentialAction":[{"@type":"ReadAction","target":["https:\/\/chelogonzalez.es\/contacto\/"]}]},{"@type":"ImageObject","inLanguage":"en-US","@id":"https:\/\/chelogonzalez.es\/contacto\/#primaryimage","url":"https:\/\/chelogonzalez.es\/wp-content\/uploads\/2025\/07\/SobreCheloGonzalez-scaled-e1752169877536.jpg","contentUrl":"https:\/\/chelogonzalez.es\/wp-content\/uploads\/2025\/07\/SobreCheloGonzalez-scaled-e1752169877536.jpg"},{"@type":"BreadcrumbList","@id":"https:\/\/chelogonzalez.es\/contacto\/#breadcrumb","itemListElement":[{"@type":"ListItem","position":1,"name":"Portada","item":"https:\/\/chelogonzalez.es\/"},{"@type":"ListItem","position":2,"name":"Contacto"}]},{"@type":"WebSite","@id":"https:\/\/chelogonzalez.es\/#website","url":"https:\/\/chelogonzalez.es\/","name":"Chelo Gonz\u00e1lez","description":"","publisher":{"@id":"https:\/\/chelogonzalez.es\/#organization"},"potentialAction":[{"@type":"SearchAction","target":{"@type":"EntryPoint","urlTemplate":"https:\/\/chelogonzalez.es\/?s={search_term_string}"},"query-input":{"@type":"PropertyValueSpecification","valueRequired":true,"valueName":"search_term_string"}}],"inLanguage":"en-US"},{"@type":"Organization","@id":"https:\/\/chelogonzalez.es\/#organization","name":"Chelo Gonz\u00e1lez","url":"https:\/\/chelogonzalez.es\/","logo":{"@type":"ImageObject","inLanguage":"en-US","@id":"https:\/\/chelogonzalez.es\/#\/schema\/logo\/image\/","url":"https:\/\/chelogonzalez.es\/wp-content\/uploads\/2025\/07\/cropped-cropped-logo-suelo-pelvico-1.png","contentUrl":"https:\/\/chelogonzalez.es\/wp-content\/uploads\/2025\/07\/cropped-cropped-logo-suelo-pelvico-1.png","width":76,"height":50,"caption":"Chelo Gonz\u00e1lez"},"image":{"@id":"https:\/\/chelogonzalez.es\/#\/schema\/logo\/image\/"}}]}},"_links":{"self":[{"href":"https:\/\/chelogonzalez.es\/en\/wp-json\/wp\/v2\/pages\/38","targetHints":{"allow":["GET"]}}],"collection":[{"href":"https:\/\/chelogonzalez.es\/en\/wp-json\/wp\/v2\/pages"}],"about":[{"href":"https:\/\/chelogonzalez.es\/en\/wp-json\/wp\/v2\/types\/page"}],"author":[{"embeddable":true,"href":"https:\/\/chelogonzalez.es\/en\/wp-json\/wp\/v2\/users\/1"}],"replies":[{"embeddable":true,"href":"https:\/\/chelogonzalez.es\/en\/wp-json\/wp\/v2\/comments?post=38"}],"version-history":[{"count":10,"href":"https:\/\/chelogonzalez.es\/en\/wp-json\/wp\/v2\/pages\/38\/revisions"}],"predecessor-version":[{"id":325,"href":"https:\/\/chelogonzalez.es\/en\/wp-json\/wp\/v2\/pages\/38\/revisions\/325"}],"wp:attachment":[{"href":"https:\/\/chelogonzalez.es\/en\/wp-json\/wp\/v2\/media?parent=38"}],"curies":[{"name":"wp","href":"https:\/\/api.w.org\/{rel}","templated":true}]}}