{"id":150,"date":"2025-07-10T13:23:54","date_gmt":"2025-07-10T11:23:54","guid":{"rendered":"https:\/\/chelogonzalez.es\/?page_id=150"},"modified":"2025-09-15T12:49:46","modified_gmt":"2025-09-15T10:49:46","slug":"tratamientos","status":"publish","type":"page","link":"https:\/\/chelogonzalez.es\/en\/tratamientos\/","title":{"rendered":"Tratamientos"},"content":{"rendered":"<div class=\"container\">\n<div class=\"ser-heading text-center mb-4\">\n<p class=\"main-heading\">En la cl\u00ednica se trata una amplia gama de afecciones que afectan a la salud tanto de pacientes mujeres como hombres.<\/p>\n<\/p><\/div>\n<div class=\"row service-box m-0\">\n<div class=\"col-lg-4 col-md-6 col-sm-6\">\n<div class=\"row feature-box mb-4 m-0\">\n<div class=\"col-lg-4 col-md-4 col-sm-6 service-icon align-self-center text-center\">\n<p>                      <i class=\" fas fa-restroom\"><\/i><\/p><\/div>\n<div class=\"col-lg-8 col-md-8 col-sm-6 ser-content align-self-center\">\n<h4 class=\"my-2 text-start\"><a href=\"https:\/\/chelogonzalez.es\/tratamiento-incontinencia-urinaria\/\">Incontinencia Urinaria<\/a><\/h4>\n<p class=\"content mt-1\">Incontinencia urinaria ( de esfuerzo, de urgencia, mixta, incontinencia tras prostatectom\u00eda).<\/p>\n<\/p>\n<\/div><\/div>\n<\/p><\/div>\n<div class=\"col-lg-4 col-md-6 col-sm-6\">\n<div class=\"row feature-box mb-4 m-0\">\n<div class=\"col-lg-4 col-md-4 col-sm-6 service-icon align-self-center text-center\">\n<p>                      <i class=\" fas fa-baby\"><\/i><\/p><\/div>\n<div class=\"col-lg-8 col-md-8 col-sm-6 ser-content align-self-center\">\n<h4 class=\"my-2 text-start\"><a href=\"https:\/\/chelogonzalez.es\/tratamiento-preparto-postparto-embarazo\/\">PreParto \/ PostParto Embarazo<\/a><\/h4>\n<p class=\"content mt-1\">Tratamiento para afecciones comunes en el preparto y postparto, como dolor lumbar\u2026<\/p>\n<\/p>\n<\/div><\/div>\n<\/p><\/div>\n<div class=\"col-lg-4 col-md-6 col-sm-6\">\n<div class=\"row feature-box mb-4 m-0\">\n<div class=\"col-lg-4 col-md-4 col-sm-6 service-icon align-self-center text-center\">\n<p>                      <i class=\" fas fa-th-large\"><\/i><\/p><\/div>\n<div class=\"col-lg-8 col-md-8 col-sm-6 ser-content align-self-center\">\n<h4 class=\"my-2 text-start\"><a href=\"https:\/\/chelogonzalez.es\/diastasis-abdominal\/\">Di\u00e1stasis Abdominal<\/a><\/h4>\n<p class=\"content mt-1\">Recupera la fuerza abdominal y corrige la di\u00e1stasis abdominal con ejercicios de\u2026<\/p>\n<\/p>\n<\/div><\/div>\n<\/p><\/div>\n<div class=\"col-lg-4 col-md-6 col-sm-6\">\n<div class=\"row feature-box mb-4 m-0\">\n<div class=\"col-lg-4 col-md-4 col-sm-6 service-icon align-self-center text-center\">\n<p>                      <i class=\" fas fa-venus-mars\"><\/i><\/p><\/div>\n<div class=\"col-lg-8 col-md-8 col-sm-6 ser-content align-self-center\">\n<h4 class=\"my-2 text-start\"><a href=\"https:\/\/chelogonzalez.es\/tratamiento-disfunciones-sexuales\/\">Disfunciones Sexuales<\/a><\/h4>\n<p class=\"content mt-1\">Tratamiento para disfunciones sexuales como vulvodinia y dispareunia, mejorando la salud \u00edntima.<\/p>\n<\/p>\n<\/div><\/div>\n<\/p><\/div>\n<div class=\"col-lg-4 col-md-6 col-sm-6\">\n<div class=\"row feature-box mb-4 m-0\">\n<div class=\"col-lg-4 col-md-4 col-sm-6 service-icon align-self-center text-center\">\n<p>                      <i class=\" fas fa-plus-square\"><\/i><\/p><\/div>\n<div class=\"col-lg-8 col-md-8 col-sm-6 ser-content align-self-center\">\n<h4 class=\"my-2 text-start\"><a href=\"https:\/\/chelogonzalez.es\/tratamiento-otros-tratamientos\/\">Otros Tratamientos<\/a><\/h4>\n<p class=\"content mt-1\">Soluciones y tratamientos personalizados para afecciones del suelo p\u00e9lvico. \u00a1Cons\u00faltame tu caso!<\/p>\n<\/p>\n<\/div><\/div>\n<\/p><\/div>\n<\/p><\/div>\n<\/p><\/div>\n","protected":false},"excerpt":{"rendered":"<p>En la cl\u00ednica se trata una amplia gama de afecciones que afectan a la salud tanto de pacientes mujeres como hombres. Incontinencia Urinaria Incontinencia urinaria ( de esfuerzo, de urgencia, mixta, incontinencia tras prostatectom\u00eda). PreParto \/ PostParto Embarazo Tratamiento para afecciones comunes en el preparto y postparto, como dolor lumbar\u2026 Di\u00e1stasis Abdominal Recupera la fuerza [&hellip;]<\/p>\n","protected":false},"author":1,"featured_media":0,"parent":0,"menu_order":0,"comment_status":"closed","ping_status":"closed","template":"","meta":{"footnotes":""},"class_list":["post-150","page","type-page","status-publish","hentry"],"yoast_head":"<!-- This site is optimized with the Yoast SEO plugin v27.1.1 - https:\/\/yoast.com\/product\/yoast-seo-wordpress\/ -->\n<title>Tratamientos<\/title>\n<meta name=\"description\" content=\"Cl\u00ednica especializada en incontinencia urinaria, embarazo, di\u00e1stasis abdominal, disfunciones sexuales y tratamientos personalizados.\" \/>\n<meta name=\"robots\" content=\"noindex, follow\" \/>\n<meta property=\"og:locale\" content=\"en_US\" \/>\n<meta property=\"og:locale:alternate\" content=\"es_ES\" \/>\n<meta property=\"og:type\" content=\"article\" \/>\n<meta property=\"og:title\" content=\"Tratamientos\" \/>\n<meta property=\"og:description\" content=\"Cl\u00ednica especializada en incontinencia urinaria, embarazo, di\u00e1stasis abdominal, disfunciones sexuales y tratamientos personalizados.\" \/>\n<meta property=\"og:url\" content=\"https:\/\/chelogonzalez.es\/en\/tratamientos\/\" \/>\n<meta property=\"og:site_name\" content=\"Chelo Gonz\u00e1lez\" \/>\n<meta property=\"article:modified_time\" content=\"2025-09-15T10:49:46+00:00\" \/>\n<meta name=\"twitter:card\" content=\"summary_large_image\" \/>\n<script type=\"application\/ld+json\" class=\"yoast-schema-graph\">{\"@context\":\"https:\/\/schema.org\",\"@graph\":[{\"@type\":\"WebPage\",\"@id\":\"https:\/\/chelogonzalez.es\/tratamientos\/\",\"url\":\"https:\/\/chelogonzalez.es\/tratamientos\/\",\"name\":\"Tratamientos\",\"isPartOf\":{\"@id\":\"https:\/\/chelogonzalez.es\/#website\"},\"datePublished\":\"2025-07-10T11:23:54+00:00\",\"dateModified\":\"2025-09-15T10:49:46+00:00\",\"description\":\"Cl\u00ednica especializada en incontinencia urinaria, embarazo, di\u00e1stasis abdominal, disfunciones sexuales y tratamientos personalizados.\",\"breadcrumb\":{\"@id\":\"https:\/\/chelogonzalez.es\/tratamientos\/#breadcrumb\"},\"inLanguage\":\"en-US\",\"potentialAction\":[{\"@type\":\"ReadAction\",\"target\":[\"https:\/\/chelogonzalez.es\/tratamientos\/\"]}]},{\"@type\":\"BreadcrumbList\",\"@id\":\"https:\/\/chelogonzalez.es\/tratamientos\/#breadcrumb\",\"itemListElement\":[{\"@type\":\"ListItem\",\"position\":1,\"name\":\"Portada\",\"item\":\"https:\/\/chelogonzalez.es\/\"},{\"@type\":\"ListItem\",\"position\":2,\"name\":\"Tratamientos\"}]},{\"@type\":\"WebSite\",\"@id\":\"https:\/\/chelogonzalez.es\/#website\",\"url\":\"https:\/\/chelogonzalez.es\/\",\"name\":\"Chelo Gonz\u00e1lez\",\"description\":\"\",\"publisher\":{\"@id\":\"https:\/\/chelogonzalez.es\/#organization\"},\"potentialAction\":[{\"@type\":\"SearchAction\",\"target\":{\"@type\":\"EntryPoint\",\"urlTemplate\":\"https:\/\/chelogonzalez.es\/?s={search_term_string}\"},\"query-input\":{\"@type\":\"PropertyValueSpecification\",\"valueRequired\":true,\"valueName\":\"search_term_string\"}}],\"inLanguage\":\"en-US\"},{\"@type\":\"Organization\",\"@id\":\"https:\/\/chelogonzalez.es\/#organization\",\"name\":\"Chelo Gonz\u00e1lez\",\"url\":\"https:\/\/chelogonzalez.es\/\",\"logo\":{\"@type\":\"ImageObject\",\"inLanguage\":\"en-US\",\"@id\":\"https:\/\/chelogonzalez.es\/#\/schema\/logo\/image\/\",\"url\":\"https:\/\/chelogonzalez.es\/wp-content\/uploads\/2025\/07\/cropped-cropped-logo-suelo-pelvico-1.png\",\"contentUrl\":\"https:\/\/chelogonzalez.es\/wp-content\/uploads\/2025\/07\/cropped-cropped-logo-suelo-pelvico-1.png\",\"width\":76,\"height\":50,\"caption\":\"Chelo Gonz\u00e1lez\"},\"image\":{\"@id\":\"https:\/\/chelogonzalez.es\/#\/schema\/logo\/image\/\"}}]}<\/script>\n<!-- \/ Yoast SEO plugin. -->","yoast_head_json":{"title":"Tratamientos","description":"Cl\u00ednica especializada en incontinencia urinaria, embarazo, di\u00e1stasis abdominal, disfunciones sexuales y tratamientos personalizados.","robots":{"index":"noindex","follow":"follow"},"og_locale":"en_US","og_type":"article","og_title":"[:es]Tratamientos[:] - Chelo Gonz\u00e1lez","og_description":"[:es]Cl\u00ednica especializada en incontinencia urinaria, embarazo, di\u00e1stasis abdominal, disfunciones sexuales y tratamientos personalizados.[:]","og_url":"https:\/\/chelogonzalez.es\/en\/tratamientos\/","og_site_name":"Chelo Gonz\u00e1lez","article_modified_time":"2025-09-15T10:49:46+00:00","twitter_card":"summary_large_image","schema":{"@context":"https:\/\/schema.org","@graph":[{"@type":"WebPage","@id":"https:\/\/chelogonzalez.es\/tratamientos\/","url":"https:\/\/chelogonzalez.es\/tratamientos\/","name":"Tratamientos","isPartOf":{"@id":"https:\/\/chelogonzalez.es\/#website"},"datePublished":"2025-07-10T11:23:54+00:00","dateModified":"2025-09-15T10:49:46+00:00","description":"Cl\u00ednica especializada en incontinencia urinaria, embarazo, di\u00e1stasis abdominal, disfunciones sexuales y tratamientos personalizados.","breadcrumb":{"@id":"https:\/\/chelogonzalez.es\/tratamientos\/#breadcrumb"},"inLanguage":"en-US","potentialAction":[{"@type":"ReadAction","target":["https:\/\/chelogonzalez.es\/tratamientos\/"]}]},{"@type":"BreadcrumbList","@id":"https:\/\/chelogonzalez.es\/tratamientos\/#breadcrumb","itemListElement":[{"@type":"ListItem","position":1,"name":"Portada","item":"https:\/\/chelogonzalez.es\/"},{"@type":"ListItem","position":2,"name":"Tratamientos"}]},{"@type":"WebSite","@id":"https:\/\/chelogonzalez.es\/#website","url":"https:\/\/chelogonzalez.es\/","name":"Chelo Gonz\u00e1lez","description":"","publisher":{"@id":"https:\/\/chelogonzalez.es\/#organization"},"potentialAction":[{"@type":"SearchAction","target":{"@type":"EntryPoint","urlTemplate":"https:\/\/chelogonzalez.es\/?s={search_term_string}"},"query-input":{"@type":"PropertyValueSpecification","valueRequired":true,"valueName":"search_term_string"}}],"inLanguage":"en-US"},{"@type":"Organization","@id":"https:\/\/chelogonzalez.es\/#organization","name":"Chelo Gonz\u00e1lez","url":"https:\/\/chelogonzalez.es\/","logo":{"@type":"ImageObject","inLanguage":"en-US","@id":"https:\/\/chelogonzalez.es\/#\/schema\/logo\/image\/","url":"https:\/\/chelogonzalez.es\/wp-content\/uploads\/2025\/07\/cropped-cropped-logo-suelo-pelvico-1.png","contentUrl":"https:\/\/chelogonzalez.es\/wp-content\/uploads\/2025\/07\/cropped-cropped-logo-suelo-pelvico-1.png","width":76,"height":50,"caption":"Chelo Gonz\u00e1lez"},"image":{"@id":"https:\/\/chelogonzalez.es\/#\/schema\/logo\/image\/"}}]}},"_links":{"self":[{"href":"https:\/\/chelogonzalez.es\/en\/wp-json\/wp\/v2\/pages\/150","targetHints":{"allow":["GET"]}}],"collection":[{"href":"https:\/\/chelogonzalez.es\/en\/wp-json\/wp\/v2\/pages"}],"about":[{"href":"https:\/\/chelogonzalez.es\/en\/wp-json\/wp\/v2\/types\/page"}],"author":[{"embeddable":true,"href":"https:\/\/chelogonzalez.es\/en\/wp-json\/wp\/v2\/users\/1"}],"replies":[{"embeddable":true,"href":"https:\/\/chelogonzalez.es\/en\/wp-json\/wp\/v2\/comments?post=150"}],"version-history":[{"count":4,"href":"https:\/\/chelogonzalez.es\/en\/wp-json\/wp\/v2\/pages\/150\/revisions"}],"predecessor-version":[{"id":331,"href":"https:\/\/chelogonzalez.es\/en\/wp-json\/wp\/v2\/pages\/150\/revisions\/331"}],"wp:attachment":[{"href":"https:\/\/chelogonzalez.es\/en\/wp-json\/wp\/v2\/media?parent=150"}],"curies":[{"name":"wp","href":"https:\/\/api.w.org\/{rel}","templated":true}]}}