{"id":143,"date":"2025-07-10T13:23:05","date_gmt":"2025-07-10T11:23:05","guid":{"rendered":"https:\/\/chelogonzalez.es\/?page_id=143"},"modified":"2025-09-15T12:47:37","modified_gmt":"2025-09-15T10:47:37","slug":"preparto-postparto-embarazo","status":"publish","type":"page","link":"https:\/\/chelogonzalez.es\/en\/tratamientos\/preparto-postparto-embarazo\/","title":{"rendered":"PreParto \/ PostParto Embarazo"},"content":{"rendered":"<h3>Tratamiento PreParto \/ PostParto Embarazo<\/h3>\n<p>El embarazo y el postparto son etapas de grandes cambios f&iacute;sicos y emocionales, y cada mujer experimenta estas fases de manera &uacute;nica. El acompa&ntilde;amiento especializado durante estas etapas es clave para prevenir y tratar posibles disfunciones musculares y articulares, mejorando as&iacute; el bienestar f&iacute;sico y emocional de la futura mam&aacute;.<\/p>\n<h4>Durante el <strong>PreParto<\/strong>:<\/h4>\n<p>Durante el embarazo, el cuerpo experimenta una serie de ajustes que pueden generar molestias como dolor lumbar, dolor p&eacute;lvico, fatiga muscular y cambios posturales. El tratamiento fisioterap&eacute;utico en esta etapa se enfoca en:<\/p>\n<ul>\n<li>\n<p><strong>Fortalecimiento del suelo p&eacute;lvico<\/strong>: Ayuda a prevenir la incontinencia urinaria y facilita el parto.<\/p>\n<\/li>\n<li>\n<p><strong>Ejercicios posturales<\/strong>: Para aliviar tensiones en la zona lumbar y mejorar la alineaci&oacute;n corporal.<\/p>\n<\/li>\n<li>\n<p><strong>Relajaci&oacute;n muscular<\/strong>: T&eacute;cnicas de fisioterapia que reducen el dolor y la incomodidad general.<\/p>\n<\/li>\n<li>\n<p><strong>Educaci&oacute;n respiratoria<\/strong>: Fundamental para el proceso de parto y recuperaci&oacute;n postnatal.<\/p>\n<\/li>\n<\/ul>\n<h4>Durante el <strong>PostParto<\/strong>:<\/h4>\n<p>El postparto implica la recuperaci&oacute;n f&iacute;sica y emocional despu&eacute;s del nacimiento, y muchas mujeres pueden experimentar problemas como la di&aacute;stasis abdominal, incontinencia urinaria o dolor p&eacute;lvico. El tratamiento en esta etapa est&aacute; orientado a:<\/p>\n<ul>\n<li>\n<p><strong>Recuperaci&oacute;n del tono muscular del suelo p&eacute;lvico<\/strong>: Para prevenir y tratar la incontinencia urinaria y otros trastornos relacionados.<\/p>\n<\/li>\n<li>\n<p><strong>Rehabilitaci&oacute;n de la di&aacute;stasis abdominal<\/strong>: Ejercicios espec&iacute;ficos para recuperar la tonicidad y la estabilidad del abdomen.<\/p>\n<\/li>\n<li>\n<p><strong>Recuperaci&oacute;n postural y muscular<\/strong>: A trav&eacute;s de t&eacute;cnicas que ayudan a restaurar la movilidad y la fuerza muscular.<\/p>\n<\/li>\n<li>\n<p><strong>Asesoramiento emocional y f&iacute;sico<\/strong>: Ayuda a adaptarse a los cambios f&iacute;sicos y emocionales que ocurren tras el parto.<\/p>\n<\/li>\n<\/ul>\n<h3>&iquest;Por qu&eacute; elegir este tratamiento?<\/h3>\n<p>En la consulta, ofrezco un tratamiento personalizado y adaptado a las necesidades de cada mujer, para que puedas vivir el embarazo y la maternidad de manera saludable, sin dolor y con el bienestar que te mereces. Mi objetivo es acompa&ntilde;arte en cada etapa, ayud&aacute;ndote a recuperar y mantener tu salud f&iacute;sica y emocional.<\/p>\n<p>Si est&aacute;s en la etapa de embarazo o postparto, no dudes en consultarme. Estar&eacute; encantada de ofrecerte el mejor tratamiento para tu recuperaci&oacute;n y bienestar.<\/p>\n<div class=\"contacto\">\n<img decoding=\"async\" data-src=\"https:\/\/chelogonzalez.es\/wp-content\/uploads\/2025\/07\/SobreCheloGonzalez-scaled-e1752169877536.jpg\" alt=\"Sobre Chelo Gonzalez\" width=\"500\" height=\"611\" class=\"alignright size-full wp-image-184 lazyload\" src=\"data:image\/svg+xml;base64,PHN2ZyB3aWR0aD0iMSIgaGVpZ2h0PSIxIiB4bWxucz0iaHR0cDovL3d3dy53My5vcmcvMjAwMC9zdmciPjwvc3ZnPg==\" style=\"--smush-placeholder-width: 500px; --smush-placeholder-aspect-ratio: 500\/611;\" \/><\/p>\n<h3>Solicita una consulta<\/h3>\n<p>Pide cita, consultame tu caso o preguntame cualquier duda que tengas.<br \/>\n\n<div class=\"wpcf7 no-js\" id=\"wpcf7-f198-o1\" lang=\"es-ES\" dir=\"ltr\" data-wpcf7-id=\"198\">\n<div class=\"screen-reader-response\"><p role=\"status\" aria-live=\"polite\" aria-atomic=\"true\"><\/p> <ul><\/ul><\/div>\n<form action=\"\/en\/wp-json\/wp\/v2\/pages\/143#wpcf7-f198-o1\" method=\"post\" class=\"wpcf7-form init\" aria-label=\"Formulario de contacto\" novalidate=\"novalidate\" data-status=\"init\">\n<fieldset class=\"hidden-fields-container\"><input type=\"hidden\" name=\"_wpcf7\" value=\"198\" \/><input type=\"hidden\" name=\"_wpcf7_version\" value=\"6.1.5\" \/><input type=\"hidden\" name=\"_wpcf7_locale\" value=\"es_ES\" \/><input type=\"hidden\" name=\"_wpcf7_unit_tag\" value=\"wpcf7-f198-o1\" \/><input type=\"hidden\" name=\"_wpcf7_container_post\" value=\"0\" \/><input type=\"hidden\" name=\"_wpcf7_posted_data_hash\" value=\"\" \/><input type=\"hidden\" name=\"lang\" value=\"en\" \/>\n<\/fieldset>\n<p><label for=\"nombre\"> Nombre<br \/>\n<span class=\"wpcf7-form-control-wrap\" data-name=\"your-name\"><input size=\"40\" maxlength=\"400\" class=\"wpcf7-form-control wpcf7-text wpcf7-validates-as-required\" id=\"nombre\" autocomplete=\"name\" aria-required=\"true\" aria-invalid=\"false\" value=\"Nombre completo\" type=\"text\" name=\"your-name\" \/><\/span><br \/>\n<\/label>\n<\/p>\n<p><label for=\"email\"> Correo electr\u00f3nico<br \/>\n<span class=\"wpcf7-form-control-wrap\" data-name=\"your-email\"><input size=\"40\" maxlength=\"400\" class=\"wpcf7-form-control wpcf7-email wpcf7-validates-as-required wpcf7-text wpcf7-validates-as-email\" id=\"email\" autocomplete=\"email\" aria-required=\"true\" aria-invalid=\"false\" value=\"Correo electr\u00f3nico\" type=\"email\" name=\"your-email\" \/><\/span><br \/>\n<\/label>\n<\/p>\n<p><label for=\"mensaje\"> Mensaje<br \/>\n<span class=\"wpcf7-form-control-wrap\" data-name=\"your-message\"><textarea cols=\"40\" rows=\"10\" maxlength=\"2000\" class=\"wpcf7-form-control wpcf7-textarea wpcf7-validates-as-required\" id=\"mensaje\" aria-required=\"true\" aria-invalid=\"false\" name=\"your-message\">Mensaje<\/textarea><\/span><br \/>\n<\/label>\n<\/p>\n<p><label for=\"aceptacion\"><br \/>\n<span class=\"wpcf7-form-control-wrap\" data-name=\"acceptance-818\"><span class=\"wpcf7-form-control wpcf7-acceptance\"><span class=\"wpcf7-list-item\"><label><input type=\"checkbox\" name=\"acceptance-818\" value=\"1\" aria-invalid=\"false\" \/><span class=\"wpcf7-list-item-label\">He le\u00eddo y acepto la pol\u00edtica de privacidad<\/span><\/label><\/span><\/span><\/span> He le\u00eddo y acepto la <a href=\"\/aviso-legal\/\" target=\"_blank\" rel=\"noopener\">pol\u00edtica de privacidad<\/a><br \/>\n<\/label>\n<\/p>\n<p><input class=\"wpcf7-form-control wpcf7-submit has-spinner\" type=\"submit\" value=\"Solicitar Informaci\u00f3n\" \/>\n<\/p><div class=\"wpcf7-response-output\" aria-hidden=\"true\"><\/div>\n<\/form>\n<\/div>\n\n<\/p><\/div>\n","protected":false},"excerpt":{"rendered":"<p>Tratamiento PreParto \/ PostParto Embarazo El embarazo y el postparto son etapas de grandes cambios f&iacute;sicos y emocionales, y cada mujer experimenta estas fases de manera &uacute;nica. El acompa&ntilde;amiento especializado durante estas etapas es clave para prevenir y tratar posibles disfunciones musculares y articulares, mejorando as&iacute; el bienestar f&iacute;sico y emocional de la futura mam&aacute;. [&hellip;]<\/p>\n","protected":false},"author":1,"featured_media":0,"parent":150,"menu_order":0,"comment_status":"closed","ping_status":"closed","template":"","meta":{"footnotes":""},"class_list":["post-143","page","type-page","status-publish","hentry"],"yoast_head":"<!-- This site is optimized with the Yoast SEO plugin v27.1.1 - https:\/\/yoast.com\/product\/yoast-seo-wordpress\/ -->\n<title>PreParto \/ PostParto Embarazo<\/title>\n<meta name=\"description\" content=\"Tratamiento fisioterapia especializado embarazo y postparto. Fortalece suelo p\u00e9lvico, alivia dolores y recuperaci\u00f3n f\u00edsica y emocional.\" \/>\n<meta name=\"robots\" content=\"index, follow, max-snippet:-1, max-image-preview:large, max-video-preview:-1\" \/>\n<link rel=\"canonical\" href=\"https:\/\/chelogonzalez.es\/en\/tratamientos\/preparto-postparto-embarazo\/\" \/>\n<meta property=\"og:locale\" content=\"en_US\" \/>\n<meta property=\"og:locale:alternate\" content=\"es_ES\" \/>\n<meta property=\"og:type\" content=\"article\" \/>\n<meta property=\"og:title\" content=\"PreParto \/ PostParto Embarazo\" \/>\n<meta property=\"og:description\" content=\"Tratamiento fisioterapia especializado embarazo y postparto. Fortalece suelo p\u00e9lvico, alivia dolores y recuperaci\u00f3n f\u00edsica y emocional.\" \/>\n<meta property=\"og:url\" content=\"https:\/\/chelogonzalez.es\/en\/tratamientos\/preparto-postparto-embarazo\/\" \/>\n<meta property=\"og:site_name\" content=\"Chelo Gonz\u00e1lez\" \/>\n<meta property=\"article:modified_time\" content=\"2025-09-15T10:47:37+00:00\" \/>\n<meta property=\"og:image\" content=\"https:\/\/chelogonzalez.es\/wp-content\/uploads\/2025\/07\/SobreCheloGonzalez-scaled-e1752169877536.jpg\" \/>\n\t<meta property=\"og:image:width\" content=\"500\" \/>\n\t<meta property=\"og:image:height\" content=\"611\" \/>\n\t<meta property=\"og:image:type\" content=\"image\/jpeg\" \/>\n<meta name=\"twitter:card\" content=\"summary_large_image\" \/>\n<meta name=\"twitter:label1\" content=\"Est. reading time\" \/>\n\t<meta name=\"twitter:data1\" content=\"2 minutes\" \/>\n<script type=\"application\/ld+json\" class=\"yoast-schema-graph\">{\"@context\":\"https:\/\/schema.org\",\"@graph\":[{\"@type\":\"WebPage\",\"@id\":\"https:\/\/chelogonzalez.es\/tratamientos\/preparto-postparto-embarazo\/\",\"url\":\"https:\/\/chelogonzalez.es\/tratamientos\/preparto-postparto-embarazo\/\",\"name\":\"PreParto \/ PostParto Embarazo\",\"isPartOf\":{\"@id\":\"https:\/\/chelogonzalez.es\/#website\"},\"primaryImageOfPage\":{\"@id\":\"https:\/\/chelogonzalez.es\/tratamientos\/preparto-postparto-embarazo\/#primaryimage\"},\"image\":{\"@id\":\"https:\/\/chelogonzalez.es\/tratamientos\/preparto-postparto-embarazo\/#primaryimage\"},\"thumbnailUrl\":\"https:\/\/chelogonzalez.es\/wp-content\/uploads\/2025\/07\/SobreCheloGonzalez-scaled-e1752169877536.jpg\",\"datePublished\":\"2025-07-10T11:23:05+00:00\",\"dateModified\":\"2025-09-15T10:47:37+00:00\",\"description\":\"Tratamiento fisioterapia especializado embarazo y postparto. Fortalece suelo p\u00e9lvico, alivia dolores y recuperaci\u00f3n f\u00edsica y emocional.\",\"breadcrumb\":{\"@id\":\"https:\/\/chelogonzalez.es\/tratamientos\/preparto-postparto-embarazo\/#breadcrumb\"},\"inLanguage\":\"en-US\",\"potentialAction\":[{\"@type\":\"ReadAction\",\"target\":[\"https:\/\/chelogonzalez.es\/tratamientos\/preparto-postparto-embarazo\/\"]}]},{\"@type\":\"ImageObject\",\"inLanguage\":\"en-US\",\"@id\":\"https:\/\/chelogonzalez.es\/tratamientos\/preparto-postparto-embarazo\/#primaryimage\",\"url\":\"https:\/\/chelogonzalez.es\/wp-content\/uploads\/2025\/07\/SobreCheloGonzalez-scaled-e1752169877536.jpg\",\"contentUrl\":\"https:\/\/chelogonzalez.es\/wp-content\/uploads\/2025\/07\/SobreCheloGonzalez-scaled-e1752169877536.jpg\"},{\"@type\":\"BreadcrumbList\",\"@id\":\"https:\/\/chelogonzalez.es\/tratamientos\/preparto-postparto-embarazo\/#breadcrumb\",\"itemListElement\":[{\"@type\":\"ListItem\",\"position\":1,\"name\":\"Portada\",\"item\":\"https:\/\/chelogonzalez.es\/\"},{\"@type\":\"ListItem\",\"position\":2,\"name\":\"Tratamientos\",\"item\":\"https:\/\/chelogonzalez.es\/tratamientos\/\"},{\"@type\":\"ListItem\",\"position\":3,\"name\":\"PreParto \/ PostParto Embarazo\"}]},{\"@type\":\"WebSite\",\"@id\":\"https:\/\/chelogonzalez.es\/#website\",\"url\":\"https:\/\/chelogonzalez.es\/\",\"name\":\"Chelo Gonz\u00e1lez\",\"description\":\"\",\"publisher\":{\"@id\":\"https:\/\/chelogonzalez.es\/#organization\"},\"potentialAction\":[{\"@type\":\"SearchAction\",\"target\":{\"@type\":\"EntryPoint\",\"urlTemplate\":\"https:\/\/chelogonzalez.es\/?s={search_term_string}\"},\"query-input\":{\"@type\":\"PropertyValueSpecification\",\"valueRequired\":true,\"valueName\":\"search_term_string\"}}],\"inLanguage\":\"en-US\"},{\"@type\":\"Organization\",\"@id\":\"https:\/\/chelogonzalez.es\/#organization\",\"name\":\"Chelo Gonz\u00e1lez\",\"url\":\"https:\/\/chelogonzalez.es\/\",\"logo\":{\"@type\":\"ImageObject\",\"inLanguage\":\"en-US\",\"@id\":\"https:\/\/chelogonzalez.es\/#\/schema\/logo\/image\/\",\"url\":\"https:\/\/chelogonzalez.es\/wp-content\/uploads\/2025\/07\/cropped-cropped-logo-suelo-pelvico-1.png\",\"contentUrl\":\"https:\/\/chelogonzalez.es\/wp-content\/uploads\/2025\/07\/cropped-cropped-logo-suelo-pelvico-1.png\",\"width\":76,\"height\":50,\"caption\":\"Chelo Gonz\u00e1lez\"},\"image\":{\"@id\":\"https:\/\/chelogonzalez.es\/#\/schema\/logo\/image\/\"}}]}<\/script>\n<!-- \/ Yoast SEO plugin. -->","yoast_head_json":{"title":"PreParto \/ PostParto Embarazo","description":"Tratamiento fisioterapia especializado embarazo y postparto. Fortalece suelo p\u00e9lvico, alivia dolores y recuperaci\u00f3n f\u00edsica y emocional.","robots":{"index":"index","follow":"follow","max-snippet":"max-snippet:-1","max-image-preview":"max-image-preview:large","max-video-preview":"max-video-preview:-1"},"canonical":"https:\/\/chelogonzalez.es\/en\/tratamientos\/preparto-postparto-embarazo\/","og_locale":"en_US","og_type":"article","og_title":"[:es]PreParto \/ PostParto Embarazo[:] - Chelo Gonz\u00e1lez","og_description":"[:es]Tratamiento fisioterapia especializado embarazo y postparto. Fortalece suelo p\u00e9lvico, alivia dolores y recuperaci\u00f3n f\u00edsica y emocional.[:]","og_url":"https:\/\/chelogonzalez.es\/en\/tratamientos\/preparto-postparto-embarazo\/","og_site_name":"Chelo Gonz\u00e1lez","article_modified_time":"2025-09-15T10:47:37+00:00","og_image":[{"width":500,"height":611,"url":"https:\/\/chelogonzalez.es\/wp-content\/uploads\/2025\/07\/SobreCheloGonzalez-scaled-e1752169877536.jpg","type":"image\/jpeg"}],"twitter_card":"summary_large_image","twitter_misc":{"Est. reading time":"2 minutes"},"schema":{"@context":"https:\/\/schema.org","@graph":[{"@type":"WebPage","@id":"https:\/\/chelogonzalez.es\/tratamientos\/preparto-postparto-embarazo\/","url":"https:\/\/chelogonzalez.es\/tratamientos\/preparto-postparto-embarazo\/","name":"PreParto \/ PostParto Embarazo","isPartOf":{"@id":"https:\/\/chelogonzalez.es\/#website"},"primaryImageOfPage":{"@id":"https:\/\/chelogonzalez.es\/tratamientos\/preparto-postparto-embarazo\/#primaryimage"},"image":{"@id":"https:\/\/chelogonzalez.es\/tratamientos\/preparto-postparto-embarazo\/#primaryimage"},"thumbnailUrl":"https:\/\/chelogonzalez.es\/wp-content\/uploads\/2025\/07\/SobreCheloGonzalez-scaled-e1752169877536.jpg","datePublished":"2025-07-10T11:23:05+00:00","dateModified":"2025-09-15T10:47:37+00:00","description":"Tratamiento fisioterapia especializado embarazo y postparto. Fortalece suelo p\u00e9lvico, alivia dolores y recuperaci\u00f3n f\u00edsica y emocional.","breadcrumb":{"@id":"https:\/\/chelogonzalez.es\/tratamientos\/preparto-postparto-embarazo\/#breadcrumb"},"inLanguage":"en-US","potentialAction":[{"@type":"ReadAction","target":["https:\/\/chelogonzalez.es\/tratamientos\/preparto-postparto-embarazo\/"]}]},{"@type":"ImageObject","inLanguage":"en-US","@id":"https:\/\/chelogonzalez.es\/tratamientos\/preparto-postparto-embarazo\/#primaryimage","url":"https:\/\/chelogonzalez.es\/wp-content\/uploads\/2025\/07\/SobreCheloGonzalez-scaled-e1752169877536.jpg","contentUrl":"https:\/\/chelogonzalez.es\/wp-content\/uploads\/2025\/07\/SobreCheloGonzalez-scaled-e1752169877536.jpg"},{"@type":"BreadcrumbList","@id":"https:\/\/chelogonzalez.es\/tratamientos\/preparto-postparto-embarazo\/#breadcrumb","itemListElement":[{"@type":"ListItem","position":1,"name":"Portada","item":"https:\/\/chelogonzalez.es\/"},{"@type":"ListItem","position":2,"name":"Tratamientos","item":"https:\/\/chelogonzalez.es\/tratamientos\/"},{"@type":"ListItem","position":3,"name":"PreParto \/ PostParto Embarazo"}]},{"@type":"WebSite","@id":"https:\/\/chelogonzalez.es\/#website","url":"https:\/\/chelogonzalez.es\/","name":"Chelo Gonz\u00e1lez","description":"","publisher":{"@id":"https:\/\/chelogonzalez.es\/#organization"},"potentialAction":[{"@type":"SearchAction","target":{"@type":"EntryPoint","urlTemplate":"https:\/\/chelogonzalez.es\/?s={search_term_string}"},"query-input":{"@type":"PropertyValueSpecification","valueRequired":true,"valueName":"search_term_string"}}],"inLanguage":"en-US"},{"@type":"Organization","@id":"https:\/\/chelogonzalez.es\/#organization","name":"Chelo Gonz\u00e1lez","url":"https:\/\/chelogonzalez.es\/","logo":{"@type":"ImageObject","inLanguage":"en-US","@id":"https:\/\/chelogonzalez.es\/#\/schema\/logo\/image\/","url":"https:\/\/chelogonzalez.es\/wp-content\/uploads\/2025\/07\/cropped-cropped-logo-suelo-pelvico-1.png","contentUrl":"https:\/\/chelogonzalez.es\/wp-content\/uploads\/2025\/07\/cropped-cropped-logo-suelo-pelvico-1.png","width":76,"height":50,"caption":"Chelo Gonz\u00e1lez"},"image":{"@id":"https:\/\/chelogonzalez.es\/#\/schema\/logo\/image\/"}}]}},"_links":{"self":[{"href":"https:\/\/chelogonzalez.es\/en\/wp-json\/wp\/v2\/pages\/143","targetHints":{"allow":["GET"]}}],"collection":[{"href":"https:\/\/chelogonzalez.es\/en\/wp-json\/wp\/v2\/pages"}],"about":[{"href":"https:\/\/chelogonzalez.es\/en\/wp-json\/wp\/v2\/types\/page"}],"author":[{"embeddable":true,"href":"https:\/\/chelogonzalez.es\/en\/wp-json\/wp\/v2\/users\/1"}],"replies":[{"embeddable":true,"href":"https:\/\/chelogonzalez.es\/en\/wp-json\/wp\/v2\/comments?post=143"}],"version-history":[{"count":5,"href":"https:\/\/chelogonzalez.es\/en\/wp-json\/wp\/v2\/pages\/143\/revisions"}],"predecessor-version":[{"id":326,"href":"https:\/\/chelogonzalez.es\/en\/wp-json\/wp\/v2\/pages\/143\/revisions\/326"}],"up":[{"embeddable":true,"href":"https:\/\/chelogonzalez.es\/en\/wp-json\/wp\/v2\/pages\/150"}],"wp:attachment":[{"href":"https:\/\/chelogonzalez.es\/en\/wp-json\/wp\/v2\/media?parent=143"}],"curies":[{"name":"wp","href":"https:\/\/api.w.org\/{rel}","templated":true}]}}