{"id":140,"date":"2025-07-10T13:23:36","date_gmt":"2025-07-10T11:23:36","guid":{"rendered":"https:\/\/chelogonzalez.es\/?page_id=140"},"modified":"2025-09-15T12:47:30","modified_gmt":"2025-09-15T10:47:30","slug":"otros-tratamientos","status":"publish","type":"page","link":"https:\/\/chelogonzalez.es\/en\/tratamientos\/otros-tratamientos\/","title":{"rendered":"Otros Tratamientos"},"content":{"rendered":"<p>Adem&aacute;s de las especialidades en <strong>suelo p&eacute;lvico<\/strong>, <strong>di&aacute;stasis abdominal<\/strong> e <strong>incontinencia urinaria<\/strong>, en la consulta se ofrecen diversos tratamientos fisioterap&eacute;uticos dise&ntilde;ados para mejorar el bienestar general y tratar afecciones musculares, articulares y neurol&oacute;gicas. Cada tratamiento es personalizado y adaptado a las necesidades de cada paciente.<\/p>\n<h4>Tratamientos disponibles:<\/h4>\n<ul>\n<li>\n<p><strong>Dolor Lumbar y Cervical<\/strong>: El dolor en la zona lumbar o cervical puede ser debilitante. Utilizo t&eacute;cnicas de movilizaci&oacute;n, estiramiento y fortalecimiento muscular para aliviar el dolor y restaurar la movilidad.<\/p>\n<\/li>\n<li>\n<p><strong>Terapia Manual<\/strong>: Utilizo t&eacute;cnicas manuales como la <strong>osteopat&iacute;a<\/strong> para tratar tensiones musculares, rigidez articular y otros trastornos musculo-esquel&eacute;ticos.<\/p>\n<\/li>\n<li>\n<p><strong>Rehabilitaci&oacute;n de lesiones deportivas<\/strong>: Para recuperar la funcionalidad tras un esguince, distensi&oacute;n o cualquier tipo de lesi&oacute;n, con un enfoque en la prevenci&oacute;n de futuras lesiones.<\/p>\n<\/li>\n<li>\n<p><strong>S&iacute;ndrome del Dolor Miofascial<\/strong>: Tratamiento de puntos gatillo y contracturas musculares a trav&eacute;s de t&eacute;cnicas de punci&oacute;n seca, masaje terap&eacute;utico y estiramientos.<\/p>\n<\/li>\n<li>\n<p><strong>Cervicalgia y Migra&ntilde;as<\/strong>: Tratamientos para aliviar los dolores cervicales y las migra&ntilde;as, que pueden estar relacionados con problemas posturales o contracturas musculares.<\/p>\n<\/li>\n<li>\n<p><strong>T&eacute;cnicas de Estiramiento y Fortalecimiento<\/strong>: Para mejorar la flexibilidad, aumentar la fuerza y prevenir futuros trastornos musculoesquel&eacute;ticos.<\/p>\n<\/li>\n<li>\n<p><strong>Pilates Terap&eacute;utico<\/strong>: Basado en ejercicios de bajo impacto para mejorar la postura, el equilibrio y la fuerza del cuerpo, adaptado a las necesidades individuales de cada paciente.<\/p>\n<\/li>\n<\/ul>\n<h4>&iquest;Por qu&eacute; elegir estos tratamientos?<\/h4>\n<p>Cada uno de estos tratamientos tiene un enfoque integral que no solo aborda los s&iacute;ntomas, sino que busca la causa subyacente del problema para garantizar una soluci&oacute;n duradera. Con una combinaci&oacute;n de t&eacute;cnicas manuales, ejercicios terap&eacute;uticos y asesoramiento, mi objetivo es restaurar la funcionalidad, reducir el dolor y mejorar la calidad de vida de mis pacientes.<\/p>\n<p>Si sufres de dolor cr&oacute;nico, lesiones o alguna afecci&oacute;n muscular o articular, no dudes en consultarme. Estar&eacute; encantada de ofrecerte un plan de tratamiento personalizado para ayudarte a mejorar tu bienestar.<\/p>\n<div class=\"contacto\">\n<img decoding=\"async\" data-src=\"https:\/\/chelogonzalez.es\/wp-content\/uploads\/2025\/07\/SobreCheloGonzalez-scaled-e1752169877536.jpg\" alt=\"Sobre Chelo Gonzalez\" width=\"500\" height=\"611\" class=\"alignright size-full wp-image-184 lazyload\" src=\"data:image\/svg+xml;base64,PHN2ZyB3aWR0aD0iMSIgaGVpZ2h0PSIxIiB4bWxucz0iaHR0cDovL3d3dy53My5vcmcvMjAwMC9zdmciPjwvc3ZnPg==\" style=\"--smush-placeholder-width: 500px; --smush-placeholder-aspect-ratio: 500\/611;\" \/><\/p>\n<h3>Solicita una consulta<\/h3>\n<p>Pide cita, consultame tu caso o preguntame cualquier duda que tengas.<br \/>\n\n<div class=\"wpcf7 no-js\" id=\"wpcf7-f198-o1\" lang=\"es-ES\" dir=\"ltr\" data-wpcf7-id=\"198\">\n<div class=\"screen-reader-response\"><p role=\"status\" aria-live=\"polite\" aria-atomic=\"true\"><\/p> <ul><\/ul><\/div>\n<form action=\"\/en\/wp-json\/wp\/v2\/pages\/140#wpcf7-f198-o1\" method=\"post\" class=\"wpcf7-form init\" aria-label=\"Formulario de contacto\" novalidate=\"novalidate\" data-status=\"init\">\n<fieldset class=\"hidden-fields-container\"><input type=\"hidden\" name=\"_wpcf7\" value=\"198\" \/><input type=\"hidden\" name=\"_wpcf7_version\" value=\"6.1.5\" \/><input type=\"hidden\" name=\"_wpcf7_locale\" value=\"es_ES\" \/><input type=\"hidden\" name=\"_wpcf7_unit_tag\" value=\"wpcf7-f198-o1\" \/><input type=\"hidden\" name=\"_wpcf7_container_post\" value=\"0\" \/><input type=\"hidden\" name=\"_wpcf7_posted_data_hash\" value=\"\" \/><input type=\"hidden\" name=\"lang\" value=\"en\" \/>\n<\/fieldset>\n<p><label for=\"nombre\"> Nombre<br \/>\n<span class=\"wpcf7-form-control-wrap\" data-name=\"your-name\"><input size=\"40\" maxlength=\"400\" class=\"wpcf7-form-control wpcf7-text wpcf7-validates-as-required\" id=\"nombre\" autocomplete=\"name\" aria-required=\"true\" aria-invalid=\"false\" value=\"Nombre completo\" type=\"text\" name=\"your-name\" \/><\/span><br \/>\n<\/label>\n<\/p>\n<p><label for=\"email\"> Correo electr\u00f3nico<br \/>\n<span class=\"wpcf7-form-control-wrap\" data-name=\"your-email\"><input size=\"40\" maxlength=\"400\" class=\"wpcf7-form-control wpcf7-email wpcf7-validates-as-required wpcf7-text wpcf7-validates-as-email\" id=\"email\" autocomplete=\"email\" aria-required=\"true\" aria-invalid=\"false\" value=\"Correo electr\u00f3nico\" type=\"email\" name=\"your-email\" \/><\/span><br \/>\n<\/label>\n<\/p>\n<p><label for=\"mensaje\"> Mensaje<br \/>\n<span class=\"wpcf7-form-control-wrap\" data-name=\"your-message\"><textarea cols=\"40\" rows=\"10\" maxlength=\"2000\" class=\"wpcf7-form-control wpcf7-textarea wpcf7-validates-as-required\" id=\"mensaje\" aria-required=\"true\" aria-invalid=\"false\" name=\"your-message\">Mensaje<\/textarea><\/span><br \/>\n<\/label>\n<\/p>\n<p><label for=\"aceptacion\"><br \/>\n<span class=\"wpcf7-form-control-wrap\" data-name=\"acceptance-818\"><span class=\"wpcf7-form-control wpcf7-acceptance\"><span class=\"wpcf7-list-item\"><label><input type=\"checkbox\" name=\"acceptance-818\" value=\"1\" aria-invalid=\"false\" \/><span class=\"wpcf7-list-item-label\">He le\u00eddo y acepto la pol\u00edtica de privacidad<\/span><\/label><\/span><\/span><\/span> He le\u00eddo y acepto la <a href=\"\/aviso-legal\/\" target=\"_blank\" rel=\"noopener\">pol\u00edtica de privacidad<\/a><br \/>\n<\/label>\n<\/p>\n<p><input class=\"wpcf7-form-control wpcf7-submit has-spinner\" type=\"submit\" value=\"Solicitar Informaci\u00f3n\" \/>\n<\/p><div class=\"wpcf7-response-output\" aria-hidden=\"true\"><\/div>\n<\/form>\n<\/div>\n\n<\/p><\/div>\n","protected":false},"excerpt":{"rendered":"<p>Adem&aacute;s de las especialidades en suelo p&eacute;lvico, di&aacute;stasis abdominal e incontinencia urinaria, en la consulta se ofrecen diversos tratamientos fisioterap&eacute;uticos dise&ntilde;ados para mejorar el bienestar general y tratar afecciones musculares, articulares y neurol&oacute;gicas. Cada tratamiento es personalizado y adaptado a las necesidades de cada paciente. Tratamientos disponibles: Dolor Lumbar y Cervical: El dolor en la [&hellip;]<\/p>\n","protected":false},"author":1,"featured_media":0,"parent":150,"menu_order":0,"comment_status":"closed","ping_status":"closed","template":"","meta":{"footnotes":""},"class_list":["post-140","page","type-page","status-publish","hentry"],"yoast_head":"<!-- This site is optimized with the Yoast SEO plugin v27.1.1 - https:\/\/yoast.com\/product\/yoast-seo-wordpress\/ -->\n<title>Otros Tratamientos<\/title>\n<meta name=\"description\" content=\"Tratamientos de fisioterapia personalizados para suelo p\u00e9lvico, lesiones, dolor lumbar y cervical, migra\u00f1as y bienestar general.\" \/>\n<meta name=\"robots\" content=\"index, follow, max-snippet:-1, max-image-preview:large, max-video-preview:-1\" \/>\n<link rel=\"canonical\" href=\"https:\/\/chelogonzalez.es\/en\/tratamientos\/otros-tratamientos\/\" \/>\n<meta property=\"og:locale\" content=\"en_US\" \/>\n<meta property=\"og:locale:alternate\" content=\"es_ES\" \/>\n<meta property=\"og:type\" content=\"article\" \/>\n<meta property=\"og:title\" content=\"Otros Tratamientos\" \/>\n<meta property=\"og:description\" content=\"Tratamientos de fisioterapia personalizados para suelo p\u00e9lvico, lesiones, dolor lumbar y cervical, migra\u00f1as y bienestar general.\" \/>\n<meta property=\"og:url\" content=\"https:\/\/chelogonzalez.es\/en\/tratamientos\/otros-tratamientos\/\" \/>\n<meta property=\"og:site_name\" content=\"Chelo Gonz\u00e1lez\" \/>\n<meta property=\"article:modified_time\" content=\"2025-09-15T10:47:30+00:00\" \/>\n<meta property=\"og:image\" content=\"https:\/\/chelogonzalez.es\/wp-content\/uploads\/2025\/07\/SobreCheloGonzalez-scaled-e1752169877536.jpg\" \/>\n\t<meta property=\"og:image:width\" content=\"500\" \/>\n\t<meta property=\"og:image:height\" content=\"611\" \/>\n\t<meta property=\"og:image:type\" content=\"image\/jpeg\" \/>\n<meta name=\"twitter:card\" content=\"summary_large_image\" \/>\n<meta name=\"twitter:label1\" content=\"Est. reading time\" \/>\n\t<meta name=\"twitter:data1\" content=\"2 minutes\" \/>\n<script type=\"application\/ld+json\" class=\"yoast-schema-graph\">{\"@context\":\"https:\/\/schema.org\",\"@graph\":[{\"@type\":\"WebPage\",\"@id\":\"https:\/\/chelogonzalez.es\/tratamientos\/otros-tratamientos\/\",\"url\":\"https:\/\/chelogonzalez.es\/tratamientos\/otros-tratamientos\/\",\"name\":\"Otros Tratamientos\",\"isPartOf\":{\"@id\":\"https:\/\/chelogonzalez.es\/#website\"},\"primaryImageOfPage\":{\"@id\":\"https:\/\/chelogonzalez.es\/tratamientos\/otros-tratamientos\/#primaryimage\"},\"image\":{\"@id\":\"https:\/\/chelogonzalez.es\/tratamientos\/otros-tratamientos\/#primaryimage\"},\"thumbnailUrl\":\"https:\/\/chelogonzalez.es\/wp-content\/uploads\/2025\/07\/SobreCheloGonzalez-scaled-e1752169877536.jpg\",\"datePublished\":\"2025-07-10T11:23:36+00:00\",\"dateModified\":\"2025-09-15T10:47:30+00:00\",\"description\":\"Tratamientos de fisioterapia personalizados para suelo p\u00e9lvico, lesiones, dolor lumbar y cervical, migra\u00f1as y bienestar general.\",\"breadcrumb\":{\"@id\":\"https:\/\/chelogonzalez.es\/tratamientos\/otros-tratamientos\/#breadcrumb\"},\"inLanguage\":\"en-US\",\"potentialAction\":[{\"@type\":\"ReadAction\",\"target\":[\"https:\/\/chelogonzalez.es\/tratamientos\/otros-tratamientos\/\"]}]},{\"@type\":\"ImageObject\",\"inLanguage\":\"en-US\",\"@id\":\"https:\/\/chelogonzalez.es\/tratamientos\/otros-tratamientos\/#primaryimage\",\"url\":\"https:\/\/chelogonzalez.es\/wp-content\/uploads\/2025\/07\/SobreCheloGonzalez-scaled-e1752169877536.jpg\",\"contentUrl\":\"https:\/\/chelogonzalez.es\/wp-content\/uploads\/2025\/07\/SobreCheloGonzalez-scaled-e1752169877536.jpg\"},{\"@type\":\"BreadcrumbList\",\"@id\":\"https:\/\/chelogonzalez.es\/tratamientos\/otros-tratamientos\/#breadcrumb\",\"itemListElement\":[{\"@type\":\"ListItem\",\"position\":1,\"name\":\"Portada\",\"item\":\"https:\/\/chelogonzalez.es\/\"},{\"@type\":\"ListItem\",\"position\":2,\"name\":\"Tratamientos\",\"item\":\"https:\/\/chelogonzalez.es\/tratamientos\/\"},{\"@type\":\"ListItem\",\"position\":3,\"name\":\"Otros Tratamientos\"}]},{\"@type\":\"WebSite\",\"@id\":\"https:\/\/chelogonzalez.es\/#website\",\"url\":\"https:\/\/chelogonzalez.es\/\",\"name\":\"Chelo Gonz\u00e1lez\",\"description\":\"\",\"publisher\":{\"@id\":\"https:\/\/chelogonzalez.es\/#organization\"},\"potentialAction\":[{\"@type\":\"SearchAction\",\"target\":{\"@type\":\"EntryPoint\",\"urlTemplate\":\"https:\/\/chelogonzalez.es\/?s={search_term_string}\"},\"query-input\":{\"@type\":\"PropertyValueSpecification\",\"valueRequired\":true,\"valueName\":\"search_term_string\"}}],\"inLanguage\":\"en-US\"},{\"@type\":\"Organization\",\"@id\":\"https:\/\/chelogonzalez.es\/#organization\",\"name\":\"Chelo Gonz\u00e1lez\",\"url\":\"https:\/\/chelogonzalez.es\/\",\"logo\":{\"@type\":\"ImageObject\",\"inLanguage\":\"en-US\",\"@id\":\"https:\/\/chelogonzalez.es\/#\/schema\/logo\/image\/\",\"url\":\"https:\/\/chelogonzalez.es\/wp-content\/uploads\/2025\/07\/cropped-cropped-logo-suelo-pelvico-1.png\",\"contentUrl\":\"https:\/\/chelogonzalez.es\/wp-content\/uploads\/2025\/07\/cropped-cropped-logo-suelo-pelvico-1.png\",\"width\":76,\"height\":50,\"caption\":\"Chelo Gonz\u00e1lez\"},\"image\":{\"@id\":\"https:\/\/chelogonzalez.es\/#\/schema\/logo\/image\/\"}}]}<\/script>\n<!-- \/ Yoast SEO plugin. -->","yoast_head_json":{"title":"Otros Tratamientos","description":"Tratamientos de fisioterapia personalizados para suelo p\u00e9lvico, lesiones, dolor lumbar y cervical, migra\u00f1as y bienestar general.","robots":{"index":"index","follow":"follow","max-snippet":"max-snippet:-1","max-image-preview":"max-image-preview:large","max-video-preview":"max-video-preview:-1"},"canonical":"https:\/\/chelogonzalez.es\/en\/tratamientos\/otros-tratamientos\/","og_locale":"en_US","og_type":"article","og_title":"[:es]Otros Tratamientos[:] - Chelo Gonz\u00e1lez","og_description":"[:es]Tratamientos de fisioterapia personalizados para suelo p\u00e9lvico, lesiones, dolor lumbar y cervical, migra\u00f1as y bienestar general.[:]","og_url":"https:\/\/chelogonzalez.es\/en\/tratamientos\/otros-tratamientos\/","og_site_name":"Chelo Gonz\u00e1lez","article_modified_time":"2025-09-15T10:47:30+00:00","og_image":[{"width":500,"height":611,"url":"https:\/\/chelogonzalez.es\/wp-content\/uploads\/2025\/07\/SobreCheloGonzalez-scaled-e1752169877536.jpg","type":"image\/jpeg"}],"twitter_card":"summary_large_image","twitter_misc":{"Est. reading time":"2 minutes"},"schema":{"@context":"https:\/\/schema.org","@graph":[{"@type":"WebPage","@id":"https:\/\/chelogonzalez.es\/tratamientos\/otros-tratamientos\/","url":"https:\/\/chelogonzalez.es\/tratamientos\/otros-tratamientos\/","name":"Otros Tratamientos","isPartOf":{"@id":"https:\/\/chelogonzalez.es\/#website"},"primaryImageOfPage":{"@id":"https:\/\/chelogonzalez.es\/tratamientos\/otros-tratamientos\/#primaryimage"},"image":{"@id":"https:\/\/chelogonzalez.es\/tratamientos\/otros-tratamientos\/#primaryimage"},"thumbnailUrl":"https:\/\/chelogonzalez.es\/wp-content\/uploads\/2025\/07\/SobreCheloGonzalez-scaled-e1752169877536.jpg","datePublished":"2025-07-10T11:23:36+00:00","dateModified":"2025-09-15T10:47:30+00:00","description":"Tratamientos de fisioterapia personalizados para suelo p\u00e9lvico, lesiones, dolor lumbar y cervical, migra\u00f1as y bienestar general.","breadcrumb":{"@id":"https:\/\/chelogonzalez.es\/tratamientos\/otros-tratamientos\/#breadcrumb"},"inLanguage":"en-US","potentialAction":[{"@type":"ReadAction","target":["https:\/\/chelogonzalez.es\/tratamientos\/otros-tratamientos\/"]}]},{"@type":"ImageObject","inLanguage":"en-US","@id":"https:\/\/chelogonzalez.es\/tratamientos\/otros-tratamientos\/#primaryimage","url":"https:\/\/chelogonzalez.es\/wp-content\/uploads\/2025\/07\/SobreCheloGonzalez-scaled-e1752169877536.jpg","contentUrl":"https:\/\/chelogonzalez.es\/wp-content\/uploads\/2025\/07\/SobreCheloGonzalez-scaled-e1752169877536.jpg"},{"@type":"BreadcrumbList","@id":"https:\/\/chelogonzalez.es\/tratamientos\/otros-tratamientos\/#breadcrumb","itemListElement":[{"@type":"ListItem","position":1,"name":"Portada","item":"https:\/\/chelogonzalez.es\/"},{"@type":"ListItem","position":2,"name":"Tratamientos","item":"https:\/\/chelogonzalez.es\/tratamientos\/"},{"@type":"ListItem","position":3,"name":"Otros Tratamientos"}]},{"@type":"WebSite","@id":"https:\/\/chelogonzalez.es\/#website","url":"https:\/\/chelogonzalez.es\/","name":"Chelo Gonz\u00e1lez","description":"","publisher":{"@id":"https:\/\/chelogonzalez.es\/#organization"},"potentialAction":[{"@type":"SearchAction","target":{"@type":"EntryPoint","urlTemplate":"https:\/\/chelogonzalez.es\/?s={search_term_string}"},"query-input":{"@type":"PropertyValueSpecification","valueRequired":true,"valueName":"search_term_string"}}],"inLanguage":"en-US"},{"@type":"Organization","@id":"https:\/\/chelogonzalez.es\/#organization","name":"Chelo Gonz\u00e1lez","url":"https:\/\/chelogonzalez.es\/","logo":{"@type":"ImageObject","inLanguage":"en-US","@id":"https:\/\/chelogonzalez.es\/#\/schema\/logo\/image\/","url":"https:\/\/chelogonzalez.es\/wp-content\/uploads\/2025\/07\/cropped-cropped-logo-suelo-pelvico-1.png","contentUrl":"https:\/\/chelogonzalez.es\/wp-content\/uploads\/2025\/07\/cropped-cropped-logo-suelo-pelvico-1.png","width":76,"height":50,"caption":"Chelo Gonz\u00e1lez"},"image":{"@id":"https:\/\/chelogonzalez.es\/#\/schema\/logo\/image\/"}}]}},"_links":{"self":[{"href":"https:\/\/chelogonzalez.es\/en\/wp-json\/wp\/v2\/pages\/140","targetHints":{"allow":["GET"]}}],"collection":[{"href":"https:\/\/chelogonzalez.es\/en\/wp-json\/wp\/v2\/pages"}],"about":[{"href":"https:\/\/chelogonzalez.es\/en\/wp-json\/wp\/v2\/types\/page"}],"author":[{"embeddable":true,"href":"https:\/\/chelogonzalez.es\/en\/wp-json\/wp\/v2\/users\/1"}],"replies":[{"embeddable":true,"href":"https:\/\/chelogonzalez.es\/en\/wp-json\/wp\/v2\/comments?post=140"}],"version-history":[{"count":5,"href":"https:\/\/chelogonzalez.es\/en\/wp-json\/wp\/v2\/pages\/140\/revisions"}],"predecessor-version":[{"id":327,"href":"https:\/\/chelogonzalez.es\/en\/wp-json\/wp\/v2\/pages\/140\/revisions\/327"}],"up":[{"embeddable":true,"href":"https:\/\/chelogonzalez.es\/en\/wp-json\/wp\/v2\/pages\/150"}],"wp:attachment":[{"href":"https:\/\/chelogonzalez.es\/en\/wp-json\/wp\/v2\/media?parent=140"}],"curies":[{"name":"wp","href":"https:\/\/api.w.org\/{rel}","templated":true}]}}