{"id":107,"date":"2025-07-10T12:06:46","date_gmt":"2025-07-10T10:06:46","guid":{"rendered":"https:\/\/chelogonzalez.es\/?page_id=107"},"modified":"2025-09-15T12:50:33","modified_gmt":"2025-09-15T10:50:33","slug":"localizacion","status":"publish","type":"page","link":"https:\/\/chelogonzalez.es\/en\/localizacion\/","title":{"rendered":"Localizaci\u00f3n"},"content":{"rendered":"<p>Puedes encontrarme en la Cl\u00ednica de <strong>Katia Fisioterapia<\/strong> en <strong>C\/Antonio Machado, 24, portal 2 1\u00baA 33420 Lugones Asturias<\/strong>.<\/p>\n<p><center><iframe data-src=\"https:\/\/www.google.com\/maps\/embed?pb=!1m18!1m12!1m3!1d2438.2990829291202!2d-5.809918924477098!3d43.40246877111511!2m3!1f0!2f0!3f0!3m2!1i1024!2i768!4f13.1!3m3!1m2!1s0xd368bf094eb7691%3A0x18d1a2ff6e1d699!2sKatia%20fisioterapia!5e1!3m2!1ses!2ses!4v1752145880761!5m2!1ses!2ses\" width=\"800\" height=\"600\" style=\"border:0;\" allowfullscreen=\"\" referrerpolicy=\"no-referrer-when-downgrade\" src=\"data:image\/svg+xml;base64,PHN2ZyB3aWR0aD0iMSIgaGVpZ2h0PSIxIiB4bWxucz0iaHR0cDovL3d3dy53My5vcmcvMjAwMC9zdmciPjwvc3ZnPg==\" class=\"lazyload\" data-load-mode=\"1\"><\/iframe><\/center><\/p>\n","protected":false},"excerpt":{"rendered":"<p>Puedes encontrarme en la Cl\u00ednica de Katia Fisioterapia en C\/Antonio Machado, 24, portal 2 1\u00baA 33420 Lugones Asturias.<\/p>\n","protected":false},"author":1,"featured_media":0,"parent":0,"menu_order":0,"comment_status":"closed","ping_status":"closed","template":"","meta":{"footnotes":""},"class_list":["post-107","page","type-page","status-publish","hentry"],"yoast_head":"<!-- This site is optimized with the Yoast SEO plugin v27.1.1 - https:\/\/yoast.com\/product\/yoast-seo-wordpress\/ -->\n<title>Localizaci\u00f3n<\/title>\n<meta name=\"description\" content=\"Encu\u00e9ntrame en Katia Fisioterapia, C\/Antonio Machado 24, portal 2 1\u00baA, 33420 Lugones, Asturias. Atenci\u00f3n especializada en fisioterapia.\" \/>\n<meta name=\"robots\" content=\"index, follow, max-snippet:-1, max-image-preview:large, max-video-preview:-1\" \/>\n<link rel=\"canonical\" href=\"https:\/\/chelogonzalez.es\/en\/localizacion\/\" \/>\n<meta property=\"og:locale\" content=\"en_US\" \/>\n<meta property=\"og:locale:alternate\" content=\"es_ES\" \/>\n<meta property=\"og:type\" content=\"article\" \/>\n<meta property=\"og:title\" content=\"Localizaci\u00f3n\" \/>\n<meta property=\"og:description\" content=\"Encu\u00e9ntrame en Katia Fisioterapia, C\/Antonio Machado 24, portal 2 1\u00baA, 33420 Lugones, Asturias. Atenci\u00f3n especializada en fisioterapia.\" \/>\n<meta property=\"og:url\" content=\"https:\/\/chelogonzalez.es\/en\/localizacion\/\" \/>\n<meta property=\"og:site_name\" content=\"Chelo Gonz\u00e1lez\" \/>\n<meta property=\"article:modified_time\" content=\"2025-09-15T10:50:33+00:00\" \/>\n<meta name=\"twitter:card\" content=\"summary_large_image\" \/>\n<script type=\"application\/ld+json\" class=\"yoast-schema-graph\">{\"@context\":\"https:\/\/schema.org\",\"@graph\":[{\"@type\":\"WebPage\",\"@id\":\"https:\/\/chelogonzalez.es\/localizacion\/\",\"url\":\"https:\/\/chelogonzalez.es\/localizacion\/\",\"name\":\"Localizaci\u00f3n\",\"isPartOf\":{\"@id\":\"https:\/\/chelogonzalez.es\/#website\"},\"datePublished\":\"2025-07-10T10:06:46+00:00\",\"dateModified\":\"2025-09-15T10:50:33+00:00\",\"description\":\"Encu\u00e9ntrame en Katia Fisioterapia, C\/Antonio Machado 24, portal 2 1\u00baA, 33420 Lugones, Asturias. Atenci\u00f3n especializada en fisioterapia.\",\"breadcrumb\":{\"@id\":\"https:\/\/chelogonzalez.es\/localizacion\/#breadcrumb\"},\"inLanguage\":\"en-US\",\"potentialAction\":[{\"@type\":\"ReadAction\",\"target\":[\"https:\/\/chelogonzalez.es\/localizacion\/\"]}]},{\"@type\":\"BreadcrumbList\",\"@id\":\"https:\/\/chelogonzalez.es\/localizacion\/#breadcrumb\",\"itemListElement\":[{\"@type\":\"ListItem\",\"position\":1,\"name\":\"Portada\",\"item\":\"https:\/\/chelogonzalez.es\/\"},{\"@type\":\"ListItem\",\"position\":2,\"name\":\"Localizaci\u00f3n\"}]},{\"@type\":\"WebSite\",\"@id\":\"https:\/\/chelogonzalez.es\/#website\",\"url\":\"https:\/\/chelogonzalez.es\/\",\"name\":\"Chelo Gonz\u00e1lez\",\"description\":\"\",\"publisher\":{\"@id\":\"https:\/\/chelogonzalez.es\/#organization\"},\"potentialAction\":[{\"@type\":\"SearchAction\",\"target\":{\"@type\":\"EntryPoint\",\"urlTemplate\":\"https:\/\/chelogonzalez.es\/?s={search_term_string}\"},\"query-input\":{\"@type\":\"PropertyValueSpecification\",\"valueRequired\":true,\"valueName\":\"search_term_string\"}}],\"inLanguage\":\"en-US\"},{\"@type\":\"Organization\",\"@id\":\"https:\/\/chelogonzalez.es\/#organization\",\"name\":\"Chelo Gonz\u00e1lez\",\"url\":\"https:\/\/chelogonzalez.es\/\",\"logo\":{\"@type\":\"ImageObject\",\"inLanguage\":\"en-US\",\"@id\":\"https:\/\/chelogonzalez.es\/#\/schema\/logo\/image\/\",\"url\":\"https:\/\/chelogonzalez.es\/wp-content\/uploads\/2025\/07\/cropped-cropped-logo-suelo-pelvico-1.png\",\"contentUrl\":\"https:\/\/chelogonzalez.es\/wp-content\/uploads\/2025\/07\/cropped-cropped-logo-suelo-pelvico-1.png\",\"width\":76,\"height\":50,\"caption\":\"Chelo Gonz\u00e1lez\"},\"image\":{\"@id\":\"https:\/\/chelogonzalez.es\/#\/schema\/logo\/image\/\"}}]}<\/script>\n<!-- \/ Yoast SEO plugin. -->","yoast_head_json":{"title":"Localizaci\u00f3n","description":"Encu\u00e9ntrame en Katia Fisioterapia, C\/Antonio Machado 24, portal 2 1\u00baA, 33420 Lugones, Asturias. Atenci\u00f3n especializada en fisioterapia.","robots":{"index":"index","follow":"follow","max-snippet":"max-snippet:-1","max-image-preview":"max-image-preview:large","max-video-preview":"max-video-preview:-1"},"canonical":"https:\/\/chelogonzalez.es\/en\/localizacion\/","og_locale":"en_US","og_type":"article","og_title":"[:es]Localizaci\u00f3n[:] - Chelo Gonz\u00e1lez","og_description":"[:es]Encu\u00e9ntrame en Katia Fisioterapia, C\/Antonio Machado 24, portal 2 1\u00baA, 33420 Lugones, Asturias. Atenci\u00f3n especializada en fisioterapia.[:]","og_url":"https:\/\/chelogonzalez.es\/en\/localizacion\/","og_site_name":"Chelo Gonz\u00e1lez","article_modified_time":"2025-09-15T10:50:33+00:00","twitter_card":"summary_large_image","schema":{"@context":"https:\/\/schema.org","@graph":[{"@type":"WebPage","@id":"https:\/\/chelogonzalez.es\/localizacion\/","url":"https:\/\/chelogonzalez.es\/localizacion\/","name":"Localizaci\u00f3n","isPartOf":{"@id":"https:\/\/chelogonzalez.es\/#website"},"datePublished":"2025-07-10T10:06:46+00:00","dateModified":"2025-09-15T10:50:33+00:00","description":"Encu\u00e9ntrame en Katia Fisioterapia, C\/Antonio Machado 24, portal 2 1\u00baA, 33420 Lugones, Asturias. Atenci\u00f3n especializada en fisioterapia.","breadcrumb":{"@id":"https:\/\/chelogonzalez.es\/localizacion\/#breadcrumb"},"inLanguage":"en-US","potentialAction":[{"@type":"ReadAction","target":["https:\/\/chelogonzalez.es\/localizacion\/"]}]},{"@type":"BreadcrumbList","@id":"https:\/\/chelogonzalez.es\/localizacion\/#breadcrumb","itemListElement":[{"@type":"ListItem","position":1,"name":"Portada","item":"https:\/\/chelogonzalez.es\/"},{"@type":"ListItem","position":2,"name":"Localizaci\u00f3n"}]},{"@type":"WebSite","@id":"https:\/\/chelogonzalez.es\/#website","url":"https:\/\/chelogonzalez.es\/","name":"Chelo Gonz\u00e1lez","description":"","publisher":{"@id":"https:\/\/chelogonzalez.es\/#organization"},"potentialAction":[{"@type":"SearchAction","target":{"@type":"EntryPoint","urlTemplate":"https:\/\/chelogonzalez.es\/?s={search_term_string}"},"query-input":{"@type":"PropertyValueSpecification","valueRequired":true,"valueName":"search_term_string"}}],"inLanguage":"en-US"},{"@type":"Organization","@id":"https:\/\/chelogonzalez.es\/#organization","name":"Chelo Gonz\u00e1lez","url":"https:\/\/chelogonzalez.es\/","logo":{"@type":"ImageObject","inLanguage":"en-US","@id":"https:\/\/chelogonzalez.es\/#\/schema\/logo\/image\/","url":"https:\/\/chelogonzalez.es\/wp-content\/uploads\/2025\/07\/cropped-cropped-logo-suelo-pelvico-1.png","contentUrl":"https:\/\/chelogonzalez.es\/wp-content\/uploads\/2025\/07\/cropped-cropped-logo-suelo-pelvico-1.png","width":76,"height":50,"caption":"Chelo Gonz\u00e1lez"},"image":{"@id":"https:\/\/chelogonzalez.es\/#\/schema\/logo\/image\/"}}]}},"_links":{"self":[{"href":"https:\/\/chelogonzalez.es\/en\/wp-json\/wp\/v2\/pages\/107","targetHints":{"allow":["GET"]}}],"collection":[{"href":"https:\/\/chelogonzalez.es\/en\/wp-json\/wp\/v2\/pages"}],"about":[{"href":"https:\/\/chelogonzalez.es\/en\/wp-json\/wp\/v2\/types\/page"}],"author":[{"embeddable":true,"href":"https:\/\/chelogonzalez.es\/en\/wp-json\/wp\/v2\/users\/1"}],"replies":[{"embeddable":true,"href":"https:\/\/chelogonzalez.es\/en\/wp-json\/wp\/v2\/comments?post=107"}],"version-history":[{"count":7,"href":"https:\/\/chelogonzalez.es\/en\/wp-json\/wp\/v2\/pages\/107\/revisions"}],"predecessor-version":[{"id":333,"href":"https:\/\/chelogonzalez.es\/en\/wp-json\/wp\/v2\/pages\/107\/revisions\/333"}],"wp:attachment":[{"href":"https:\/\/chelogonzalez.es\/en\/wp-json\/wp\/v2\/media?parent=107"}],"curies":[{"name":"wp","href":"https:\/\/api.w.org\/{rel}","templated":true}]}}